{"id":45,"date":"2022-12-30T21:41:31","date_gmt":"2022-12-30T21:41:31","guid":{"rendered":"https:\/\/hs-aktuell.de\/?page_id=45"},"modified":"2023-01-04T22:20:29","modified_gmt":"2023-01-04T22:20:29","slug":"chakren","status":"publish","type":"page","link":"https:\/\/hs-aktuell.de\/?page_id=45","title":{"rendered":"Chakren"},"content":{"rendered":"\r\n<h3><strong>Chakren &#8211; Harmonisierung<\/strong><img decoding=\"async\" class=\"wp-image-491\" src=\"http:\/\/familiederichs.de\/wp-content\/uploads\/2022\/12\/cropped-kisspng-chakra-meditation-aura-energy-reiki-association-sahaja-yoga-meditation-sahaj-5b2e9baa9a73e5.3101670715297811626327.png\" alt=\"\" \/><\/h3>\r\n\r\n\r\n\r\n\r\n\r\n<p>Die Lehre der Chakren kommt aus Indien. Unter Chakren versteht man die Energiezentren im K\u00f6rper. Sieben Hauptchakren gibt es, die dass Organsystem des Menschen mit Energie versorgen.<\/p>\r\n\r\n\r\n\r\n<p><strong>Die Hauptchakren sind unterschiedliche Lebensthemen zugeordnet.<\/strong><\/p>\r\n\r\n\r\n\r\n<p>Schwingen diese Sieben Hauptchakren harmonisch, so ist somit auch Energie in K\u00f6rper und Organe.<\/p>\r\n\r\n\r\n\r\n<p>Die psychische und physische Unausgeglichenheit und Unruhe verschwindet. Durch die Chakrenharmonisierung wird es m\u00f6glich, dass K\u00f6rper-, Geist- und Seelensystem in Balance und Einklang zu bringen.<\/p>\r\n\r\n\r\n\r\n<p>Zudem wird unser K\u00f6rper mit neuer Lebensenergie erf\u00fcllt und energetisch aufgeladen.<\/p>\r\n\r\n\r\n\r\n<p><strong><em>MAN F\u00dcHLT SICH EINFACH WOHL, FREI, L\u00d6SGEL\u00d6ST, LEICHT UND AUSGEGLICHEN.<\/em><\/strong><\/p>\r\n","protected":false},"excerpt":{"rendered":"<p>Chakren &#8211; Harmonisierung Die Lehre der Chakren kommt aus Indien. Unter Chakren versteht man die Energiezentren im K\u00f6rper. Sieben Hauptchakren gibt es, die dass Organsystem<span class=\"excerpt-fade\"><\/span><\/p>\n","protected":false},"author":1,"featured_media":0,"parent":0,"menu_order":0,"comment_status":"closed","ping_status":"closed","template":"","meta":[],"_links":{"self":[{"href":"https:\/\/hs-aktuell.de\/index.php?rest_route=\/wp\/v2\/pages\/45"}],"collection":[{"href":"https:\/\/hs-aktuell.de\/index.php?rest_route=\/wp\/v2\/pages"}],"about":[{"href":"https:\/\/hs-aktuell.de\/index.php?rest_route=\/wp\/v2\/types\/page"}],"author":[{"embeddable":true,"href":"https:\/\/hs-aktuell.de\/index.php?rest_route=\/wp\/v2\/users\/1"}],"replies":[{"embeddable":true,"href":"https:\/\/hs-aktuell.de\/index.php?rest_route=%2Fwp%2Fv2%2Fcomments&post=45"}],"version-history":[{"count":5,"href":"https:\/\/hs-aktuell.de\/index.php?rest_route=\/wp\/v2\/pages\/45\/revisions"}],"predecessor-version":[{"id":189,"href":"https:\/\/hs-aktuell.de\/index.php?rest_route=\/wp\/v2\/pages\/45\/revisions\/189"}],"wp:attachment":[{"href":"https:\/\/hs-aktuell.de\/index.php?rest_route=%2Fwp%2Fv2%2Fmedia&parent=45"}],"curies":[{"name":"wp","href":"https:\/\/api.w.org\/{rel}","templated":true}]}}