{"id":4,"date":"2022-12-28T22:05:25","date_gmt":"2022-12-28T22:05:25","guid":{"rendered":"https:\/\/hs-aktuell.de\/?page_id=4"},"modified":"2023-01-01T21:42:34","modified_gmt":"2023-01-01T21:42:34","slug":"willkommen-auf-https-hs-aktuell-de","status":"publish","type":"page","link":"https:\/\/hs-aktuell.de\/","title":{"rendered":"Willkommen auf https:\/\/hs-aktuell.de"},"content":{"rendered":"\r\n<div class=\"wp-block-media-text alignwide is-stacked-on-mobile\" style=\"grid-template-columns: 42% auto;\">\r\n<figure class=\"wp-block-media-text__media\"><img decoding=\"async\" loading=\"lazy\" width=\"692\" height=\"692\" class=\"wp-image-87 size-full\" src=\"https:\/\/hs-aktuell.de\/wp-content\/uploads\/2022\/12\/kisspng-chakra-meditation-aura-energy-reiki-association-sahaja-yoga-meditation-sahaj-5b2e9baa9a73e5.3101670715297811626327.png\" alt=\"\" srcset=\"https:\/\/hs-aktuell.de\/wp-content\/uploads\/2022\/12\/kisspng-chakra-meditation-aura-energy-reiki-association-sahaja-yoga-meditation-sahaj-5b2e9baa9a73e5.3101670715297811626327.png 692w, https:\/\/hs-aktuell.de\/wp-content\/uploads\/2022\/12\/kisspng-chakra-meditation-aura-energy-reiki-association-sahaja-yoga-meditation-sahaj-5b2e9baa9a73e5.3101670715297811626327-300x300.png 300w, https:\/\/hs-aktuell.de\/wp-content\/uploads\/2022\/12\/kisspng-chakra-meditation-aura-energy-reiki-association-sahaja-yoga-meditation-sahaj-5b2e9baa9a73e5.3101670715297811626327-150x150.png 150w\" sizes=\"(max-width: 692px) 100vw, 692px\" \/><\/figure>\r\n<div class=\"wp-block-media-text__content\">\r\n<p class=\"has-luminous-vivid-amber-color has-text-color has-x-large-font-size\"><strong><em>Chakren<\/em><\/strong><\/p>\r\n\r\n\r\n\r\n<p class=\"has-medium-font-size\">Als Chakra werden die Energiezentren benannt, die sich in der Aura befinden. Sie sind miteinander verbunden und werden mit einer Vielzahl an verschiedenen Farben, die entsprechend den jeweiligen Chakrenzentren zugeordnet werden, dargestellt.<\/p>\r\n\r\n\r\n\r\n<p class=\"has-accent-2-color has-text-color has-medium-font-size\">Neben den sieben Hauptchakren\u00a0gibt es noch eine Vielzahl anderer Chakren. Sie verlaufen entlang der Wirbels\u00e4ule und werden folglich der Farbe entsprechend auch benannt <a href=\"https:\/\/hs-aktuell.de\/?page_id=45\">&#8230;mehr<\/a><\/p>\r\n\r\n\r\n\r\n<p>&nbsp;<\/p>\r\n\r\n\r\n\r\n<p>&nbsp;<\/p>\r\n<\/div>\r\n<\/div>\r\n\r\n\r\n\r\n<div class=\"wp-block-media-text alignwide has-media-on-the-right is-stacked-on-mobile\" style=\"grid-template-columns: auto 42%;\">\r\n<div class=\"wp-block-media-text__content\">\r\n<p class=\"has-text-align-right has-vivid-cyan-blue-color has-text-color has-x-large-font-size\"><strong><em>Kabbala<\/em><\/strong><\/p>\r\n\r\n\r\n\r\n<p class=\"has-text-align-right has-medium-font-size\">Wir alle haben von Geburt an unsere Bestimmung in der Seele manifestiert. Auch wenn Sie beispielsweise durch Krankheit auf ein eventuelles Fehlverhalten hingewiesen werden, kann eine Lebensanalyse aus Sicht der Kabbala-Lehre f\u00fcr Sie die richtige Hilfe sein. Ihr Name und das Geburtsdatum lassen sich durch die Zahlenmystik der Kabbala entschl\u00fcsseln und somit die Bestimmung, die f\u00fcr Ihre Lebensaufgabe vorgesehen <mark class=\"has-inline-color has-accent-2-color\" style=\"background-color: rgba(0, 0, 0, 0);\"><a href=\"https:\/\/hs-aktuell.de\/?page_id=35\">&#8230;mehr<\/a> <\/mark><\/p>\r\n\r\n\r\n\r\n<div class=\"is-content-justification-right is-layout-flex wp-container-1 wp-block-buttons alignfull\">\u00a0<\/div>\r\n<\/div>\r\n<figure class=\"wp-block-media-text__media\"><img decoding=\"async\" loading=\"lazy\" width=\"1024\" height=\"1024\" class=\"wp-image-99 size-full\" src=\"https:\/\/hs-aktuell.de\/wp-content\/uploads\/2023\/01\/kisspng-kabbalah-guardian-angel-mandala-astrology-mandala-dos-anjos-72-ancient-secrets-pi-5bae0aacc3a2e4.2646894815381326528013-1024x1024.png\" alt=\"\" srcset=\"https:\/\/hs-aktuell.de\/wp-content\/uploads\/2023\/01\/kisspng-kabbalah-guardian-angel-mandala-astrology-mandala-dos-anjos-72-ancient-secrets-pi-5bae0aacc3a2e4.2646894815381326528013-1024x1024.png 1024w, https:\/\/hs-aktuell.de\/wp-content\/uploads\/2023\/01\/kisspng-kabbalah-guardian-angel-mandala-astrology-mandala-dos-anjos-72-ancient-secrets-pi-5bae0aacc3a2e4.2646894815381326528013-300x300.png 300w, https:\/\/hs-aktuell.de\/wp-content\/uploads\/2023\/01\/kisspng-kabbalah-guardian-angel-mandala-astrology-mandala-dos-anjos-72-ancient-secrets-pi-5bae0aacc3a2e4.2646894815381326528013-150x150.png 150w, https:\/\/hs-aktuell.de\/wp-content\/uploads\/2023\/01\/kisspng-kabbalah-guardian-angel-mandala-astrology-mandala-dos-anjos-72-ancient-secrets-pi-5bae0aacc3a2e4.2646894815381326528013-768x768.png 768w, https:\/\/hs-aktuell.de\/wp-content\/uploads\/2023\/01\/kisspng-kabbalah-guardian-angel-mandala-astrology-mandala-dos-anjos-72-ancient-secrets-pi-5bae0aacc3a2e4.2646894815381326528013-1536x1536.png 1536w, https:\/\/hs-aktuell.de\/wp-content\/uploads\/2023\/01\/kisspng-kabbalah-guardian-angel-mandala-astrology-mandala-dos-anjos-72-ancient-secrets-pi-5bae0aacc3a2e4.2646894815381326528013-2048x2048.png 2048w\" sizes=\"(max-width: 1024px) 100vw, 1024px\" \/><\/figure>\r\n<\/div>\r\n","protected":false},"excerpt":{"rendered":"<p>Chakren Als Chakra werden die Energiezentren benannt, die sich in der Aura befinden. Sie sind miteinander verbunden und werden mit einer Vielzahl an verschiedenen Farben,<span class=\"excerpt-fade\"><\/span><\/p>\n","protected":false},"author":1,"featured_media":0,"parent":0,"menu_order":0,"comment_status":"closed","ping_status":"open","template":"","meta":[],"_links":{"self":[{"href":"https:\/\/hs-aktuell.de\/index.php?rest_route=\/wp\/v2\/pages\/4"}],"collection":[{"href":"https:\/\/hs-aktuell.de\/index.php?rest_route=\/wp\/v2\/pages"}],"about":[{"href":"https:\/\/hs-aktuell.de\/index.php?rest_route=\/wp\/v2\/types\/page"}],"author":[{"embeddable":true,"href":"https:\/\/hs-aktuell.de\/index.php?rest_route=\/wp\/v2\/users\/1"}],"replies":[{"embeddable":true,"href":"https:\/\/hs-aktuell.de\/index.php?rest_route=%2Fwp%2Fv2%2Fcomments&post=4"}],"version-history":[{"count":18,"href":"https:\/\/hs-aktuell.de\/index.php?rest_route=\/wp\/v2\/pages\/4\/revisions"}],"predecessor-version":[{"id":131,"href":"https:\/\/hs-aktuell.de\/index.php?rest_route=\/wp\/v2\/pages\/4\/revisions\/131"}],"wp:attachment":[{"href":"https:\/\/hs-aktuell.de\/index.php?rest_route=%2Fwp%2Fv2%2Fmedia&parent=4"}],"curies":[{"name":"wp","href":"https:\/\/api.w.org\/{rel}","templated":true}]}}